{"id":38,"date":"2023-11-21T10:12:50","date_gmt":"2023-11-21T13:12:50","guid":{"rendered":"https:\/\/loja.dimatteoacai.com.br\/?page_id=38"},"modified":"2023-11-21T10:18:42","modified_gmt":"2023-11-21T13:18:42","slug":"login","status":"publish","type":"page","link":"https:\/\/loja.dimatteoacai.com.br\/index.php\/login\/","title":{"rendered":"Login"},"content":{"rendered":"\t\t<div data-elementor-type=\"wp-page\" data-elementor-id=\"38\" class=\"elementor elementor-38\">\n\t\t\t\t\t\t\t<div class=\"elementor-element elementor-element-d57d640 e-flex e-con-boxed e-con e-parent\" data-id=\"d57d640\" data-element_type=\"container\" data-settings=\"{&quot;content_width&quot;:&quot;boxed&quot;}\" data-core-v316-plus=\"true\">\n\t\t\t\t\t<div class=\"e-con-inner\">\n\t\t\t\t<div class=\"elementor-element elementor-element-78c23bc elementor-form-col-1 elementor-widget__width-initial elementor-widget elementor-widget-the7-woocommerce-login-register-form\" data-id=\"78c23bc\" data-element_type=\"widget\" data-widget_type=\"the7-woocommerce-login-register-form.default\">\n\t\t\t\t<div class=\"elementor-widget-container\">\n\t\t\t<div class=\"the7-login-register-form elementor-labels-above\"><div class=\"the7-login-form\"><h2>Login<\/h2><form class=\"woocommerce-form woocommerce-form-login login\" method=\"post\"><div class=\"elementor-form-fields-wrapper\"><div class=\"elementor-field-group elementor-column\"><label class=\"elementor-field-label\" for=\"username\">Username or email address&nbsp;<span class=\"required\">*<\/span><\/label><input type=\"text\" class=\"woocommerce-Input  elementor-field-textual elementor-field elementor-size-md\" name=\"username\" id=\"username\" autocomplete=\"username\" value=\"\" \/><\/div><div class=\"elementor-field-group elementor-column\"><label class=\"elementor-field-label\" for=\"password\">Password&nbsp;<span class=\"required\">*<\/span><\/label><input class=\"woocommerce-Input elementor-field-textual elementor-field elementor-size-md\" type=\"password\" name=\"password\" id=\"password\" autocomplete=\"current-password\" \/><\/div><div class=\"elementor-field-group elementor-column elementor-field-type-submit\"><button type=\"submit\" class=\"elementor-button elementor-size-md button woocommerce-form-login__submit\" name=\"login\" value=\" Log in\">Log in<\/button><\/div><div class=\"elementor-field-group elementor-column\"><label class=\"elementor-field-label woocommerce-form-login__rememberme\"><input class=\"woocommerce-form__input woocommerce-form__input-checkbox elementor-field elementor-size-md\" name=\"rememberme\" type=\"checkbox\" id=\"rememberme\" value=\"forever\" \/> <span>Remember me<\/span><\/label><input type=\"hidden\" id=\"woocommerce-login-nonce\" name=\"woocommerce-login-nonce\" value=\"9fbeea7cce\" \/><input type=\"hidden\" name=\"_wp_http_referer\" value=\"\/index.php\/wp-json\/wp\/v2\/pages\/38\" \/><input type=\"hidden\" name=\"redirect\" value=\"https:\/\/loja.dimatteoacai.com.br\/index.php\/minha-conta\/\"\/><p class=\"woocommerce-LostPassword lost_password\"><a href=\"#lost-password\">Lost your password?<\/a><\/p><\/div><\/div><\/form><\/div><\/div><form method=\"post\" class=\"woocommerce-ResetPassword elementor-labels-above\"><div class=\"elementor-form-fields-wrapper\"><p class=\"elementor-field-group elementor-column\">Lost your password? Please enter your username or email address. You will receive a link to create a new password via email.<\/p><div class=\"elementor-field-group elementor-column\"><label class=\"elementor-field-label\" for=\"user_login\">Username or email<\/label><input class=\"woocommerce-Input  elementor-field-textual elementor-field elementor-size-md\" type=\"text\" name=\"user_login\" id=\"user_login\" autocomplete=\"username\" \/><\/div><div class=\"elementor-field-group elementor-column elementor-field-type-submit\"><input type=\"hidden\" name=\"wc_reset_password\" value=\"true\" \/><button type=\"submit\" class=\"elementor-button elementor-size-md button\" value=\"Reset password\">Reset password<\/button><\/div><\/div><input type=\"hidden\" id=\"woocommerce-lost-password-nonce\" name=\"woocommerce-lost-password-nonce\" value=\"4465212458\" \/><input type=\"hidden\" name=\"_wp_http_referer\" value=\"\/index.php\/wp-json\/wp\/v2\/pages\/38\" \/><\/form>\t\t<\/div>\n\t\t\t\t<\/div>\n\t\t\t\t\t<\/div>\n\t\t\t\t<\/div>\n\t\t\t\t\t\t\t<\/div>\n\t\t","protected":false},"excerpt":{"rendered":"<p>Ol\u00e1, marketing (n\u00e3o \u00e9 marketing? Sair)<\/p>\n","protected":false},"author":1,"featured_media":0,"parent":0,"menu_order":0,"comment_status":"closed","ping_status":"closed","template":"","meta":{"footnotes":""},"_links":{"self":[{"href":"https:\/\/loja.dimatteoacai.com.br\/index.php\/wp-json\/wp\/v2\/pages\/38"}],"collection":[{"href":"https:\/\/loja.dimatteoacai.com.br\/index.php\/wp-json\/wp\/v2\/pages"}],"about":[{"href":"https:\/\/loja.dimatteoacai.com.br\/index.php\/wp-json\/wp\/v2\/types\/page"}],"author":[{"embeddable":true,"href":"https:\/\/loja.dimatteoacai.com.br\/index.php\/wp-json\/wp\/v2\/users\/1"}],"replies":[{"embeddable":true,"href":"https:\/\/loja.dimatteoacai.com.br\/index.php\/wp-json\/wp\/v2\/comments?post=38"}],"version-history":[{"count":10,"href":"https:\/\/loja.dimatteoacai.com.br\/index.php\/wp-json\/wp\/v2\/pages\/38\/revisions"}],"predecessor-version":[{"id":52,"href":"https:\/\/loja.dimatteoacai.com.br\/index.php\/wp-json\/wp\/v2\/pages\/38\/revisions\/52"}],"wp:attachment":[{"href":"https:\/\/loja.dimatteoacai.com.br\/index.php\/wp-json\/wp\/v2\/media?parent=38"}],"curies":[{"name":"wp","href":"https:\/\/api.w.org\/{rel}","templated":true}]}}